{"id":3,"date":"2022-07-07T20:22:36","date_gmt":"2022-07-07T20:22:36","guid":{"rendered":"https:\/\/www.simecchilesa.com\/simecchile\/?page_id=3"},"modified":"2022-08-22T16:23:34","modified_gmt":"2022-08-22T20:23:34","slug":"politica-privacidad","status":"publish","type":"page","link":"https:\/\/simecchilesa.com\/simec\/politica-privacidad\/","title":{"rendered":"Pol\u00edtica de privacidad"},"content":{"rendered":"[vc_row type=\u00bbin_container\u00bb full_screen_row_position=\u00bbmiddle\u00bb column_margin=\u00bbdefault\u00bb column_direction=\u00bbdefault\u00bb column_direction_tablet=\u00bbdefault\u00bb column_direction_phone=\u00bbdefault\u00bb scene_position=\u00bbcenter\u00bb top_padding=\u00bb1%\u00bb bottom_padding=\u00bb3%\u00bb text_color=\u00bbdark\u00bb text_align=\u00bbleft\u00bb row_border_radius=\u00bbnone\u00bb row_border_radius_applies=\u00bbbg\u00bb overlay_strength=\u00bb0.3&#8243; gradient_direction=\u00bbleft_to_right\u00bb shape_divider_position=\u00bbbottom\u00bb bg_image_animation=\u00bbnone\u00bb shape_type=\u00bb\u00bb][vc_column column_padding=\u00bbno-extra-padding\u00bb column_padding_tablet=\u00bbinherit\u00bb column_padding_phone=\u00bbinherit\u00bb column_padding_position=\u00bball\u00bb background_color_opacity=\u00bb1&#8243; background_hover_color_opacity=\u00bb1&#8243; column_shadow=\u00bbnone\u00bb column_border_radius=\u00bbnone\u00bb column_link_target=\u00bb_self\u00bb gradient_direction=\u00bbleft_to_right\u00bb overlay_strength=\u00bb0.3&#8243; width=\u00bb1\/6&#8243; tablet_width_inherit=\u00bbdefault\u00bb tablet_text_alignment=\u00bbdefault\u00bb phone_text_alignment=\u00bbdefault\u00bb column_border_width=\u00bbnone\u00bb column_border_style=\u00bbsolid\u00bb bg_image_animation=\u00bbnone\u00bb][\/vc_column][vc_column column_padding=\u00bbno-extra-padding\u00bb column_padding_tablet=\u00bbinherit\u00bb column_padding_phone=\u00bbinherit\u00bb column_padding_position=\u00bball\u00bb background_color_opacity=\u00bb1&#8243; background_hover_color_opacity=\u00bb1&#8243; column_shadow=\u00bbnone\u00bb column_border_radius=\u00bbnone\u00bb column_link_target=\u00bb_self\u00bb gradient_direction=\u00bbleft_to_right\u00bb overlay_strength=\u00bb0.3&#8243; width=\u00bb2\/3&#8243; tablet_width_inherit=\u00bbdefault\u00bb tablet_text_alignment=\u00bbdefault\u00bb phone_text_alignment=\u00bbdefault\u00bb column_border_width=\u00bbnone\u00bb column_border_style=\u00bbsolid\u00bb bg_image_animation=\u00bbnone\u00bb][vc_custom_heading text=\u00bbPOL\u00cdTICAS DE PRIVACIDAD Y PROTECCI\u00d3N DE DATOS\u00bb font_container=\u00bbtag:h1|font_size:24px|text_align:center\u00bb use_theme_fonts=\u00bbyes\u00bb][vc_column_text]\n<ol>\n<li>\n<h3><strong> Introducci\u00f3n<\/strong><\/h3>\n<\/li>\n<\/ol>\n<p>Cuando ingreses a nuestro sitio web queremos que tengas una experiencia \u00fanica que cumpla con la calidad y satisfacci\u00f3n que est\u00e1s buscando. Cada vez que nos visites tendremos la oportunidad de conocer tus necesidades y preferencias de navegaci\u00f3n. Esa informaci\u00f3n estad\u00edstica es de gran relevancia para nosotros porque nos ayudar\u00e1 a mejorar constantemente nuestro servicio para entregarte una grata experiencia de navegaci\u00f3n y compra. Esta informaci\u00f3n no nos permite identificar a un cliente determinado, s\u00f3lo tiene relaci\u00f3n con datos sobre un determinado producto, grupo, p\u00e1gina o categor\u00eda de productos y\/o servicios.<\/p>\n<ol start=\"2\">\n<li>\n<h3><strong> Almacenamiento<\/strong><\/h3>\n<\/li>\n<\/ol>\n<p>Finalidad, Custodia y Tratamiento: Los datos personales que voluntariamente entregues al hacer uso de este sitio, registr\u00e1ndote en cualquier secci\u00f3n, son almacenados y utilizados solo por nuestro sitio web, para mejorar tu experiencia de compra o visita y utilizamos \u00fanicamente el correo electr\u00f3nico del usuario para enviarle recomendaciones de productos espec\u00edficos, una vez que el cliente ha iniciado su sesi\u00f3n y\/o completado su registro o enviado un formulario desde nuestro sitio web. La informaci\u00f3n que se recolectar\u00e1 mediante la visita a este sitio Web, ser\u00e1 siempre an\u00f3nima, de manera que, los antecedentes personales de los Clientes no ser\u00e1n tratados con un prop\u00f3sito diferente del manifestado en el presente instrumento. Los clientes, adem\u00e1s, tienen siempre derecho a solicitar que no se les env\u00ede publicidad a su correo electr\u00f3nico.<\/p>\n<ol start=\"3\">\n<li>\n<h3><strong> Cookies <\/strong><\/h3>\n<\/li>\n<\/ol>\n<p>Una cookie (o galleta inform\u00e1tica) es informaci\u00f3n enviada por un sitio web y almacenada en el navegador del usuario, que le permite al sitio web conocer la actividad previa de \u00e9ste. Utilizamos las \u201ccookies\u201d para enviar al Cliente informaci\u00f3n relacionada con sus intereses y para entregar \u00fanicamente una experiencia de compra y\/o servicio m\u00e1s personalizada y as\u00ed ayudar al visitante a navegar de forma m\u00e1s eficiente. Si deseas deshabilitar el almacenamiento de cookies s\u00f3lo debes ingresar a la secci\u00f3n de ayuda del explorador de internet.<\/p>\n<ol start=\"4\">\n<li>\n<h3><strong> Google Analytics <\/strong><\/h3>\n<\/li>\n<\/ol>\n<p>Google Analytics es una herramienta para el an\u00e1lisis web que mediante la utilizaci\u00f3n de cookies permite entregar informaci\u00f3n estad\u00edstica, an\u00f3nima, asociada a los visitantes de nuestro sitio web. Adicionalmente utilizamos esta herramienta para fines publicitarios, mostrando anuncios en los sitios web asociados a la red de contenido de Google bas\u00e1ndose en las visitas a nuestro sitio, lo que se conoce como Remarketing. Para evitar la recopilaci\u00f3n de datos desde Google Analytics existen las siguientes alternativas: -Deshabilitar el almacenamiento de cookies en el explorador de internet correspondiente. -Descargar un complemento al explorador de internet en el siguiente link: <a href=\"https:\/\/tools.google.com\/dlpage\/gaoptout\/\">https:\/\/tools.google.com\/dlpage\/gaoptout\/<\/a><\/p>\n<ol start=\"5\">\n<li>\n<h3><strong> T\u00e9rminos legales <\/strong><\/h3>\n<\/li>\n<\/ol>\n<p>La informaci\u00f3n que se recolectar\u00e1 mediante la visita a este sitio Web, ser\u00e1 siempre an\u00f3nima, de manera que, los antecedentes personales de los Clientes no ser\u00e1n tratados por nuestro sitio web con un prop\u00f3sito diferente del manifestado en el presente instrumento. Los clientes tendr\u00e1n siempre derecho a deshabilitar las cookies de que se da cuenta en los numerales anteriores, no pudiendo nuestra empresa evitar de manera alguna dicha acci\u00f3n.[\/vc_column_text][\/vc_column][vc_column column_padding=\u00bbno-extra-padding\u00bb column_padding_tablet=\u00bbinherit\u00bb column_padding_phone=\u00bbinherit\u00bb column_padding_position=\u00bball\u00bb background_color_opacity=\u00bb1&#8243; background_hover_color_opacity=\u00bb1&#8243; column_shadow=\u00bbnone\u00bb column_border_radius=\u00bbnone\u00bb column_link_target=\u00bb_self\u00bb gradient_direction=\u00bbleft_to_right\u00bb overlay_strength=\u00bb0.3&#8243; width=\u00bb1\/6&#8243; tablet_width_inherit=\u00bbdefault\u00bb tablet_text_alignment=\u00bbdefault\u00bb phone_text_alignment=\u00bbdefault\u00bb column_border_width=\u00bbnone\u00bb column_border_style=\u00bbsolid\u00bb bg_image_animation=\u00bbnone\u00bb][\/vc_column][\/vc_row]\n","protected":false},"excerpt":{"rendered":"<p>[vc_row type=\u00bbin_container\u00bb full_screen_row_position=\u00bbmiddle\u00bb column_margin=\u00bbdefault\u00bb column_direction=\u00bbdefault\u00bb column_direction_tablet=\u00bbdefault\u00bb column_direction_phone=\u00bbdefault\u00bb scene_position=\u00bbcenter\u00bb top_padding=\u00bb1%\u00bb bottom_padding=\u00bb3%\u00bb text_color=\u00bbdark\u00bb text_align=\u00bbleft\u00bb row_border_radius=\u00bbnone\u00bb row_border_radius_applies=\u00bbbg\u00bb overlay_strength=\u00bb0.3&#8243; gradient_direction=\u00bbleft_to_right\u00bb shape_divider_position=\u00bbbottom\u00bb bg_image_animation=\u00bbnone\u00bb shape_type=\u00bb\u00bb][vc_column column_padding=\u00bbno-extra-padding\u00bb column_padding_tablet=\u00bbinherit\u00bb column_padding_phone=\u00bbinherit\u00bb column_padding_position=\u00bball\u00bb background_color_opacity=\u00bb1&#8243; background_hover_color_opacity=\u00bb1&#8243; column_shadow=\u00bbnone\u00bb column_border_radius=\u00bbnone\u00bb column_link_target=\u00bb_self\u00bb gradient_direction=\u00bbleft_to_right\u00bb overlay_strength=\u00bb0.3&#8243;&#8230;<\/p>\n","protected":false},"author":4,"featured_media":0,"parent":0,"menu_order":0,"comment_status":"closed","ping_status":"open","template":"","meta":[],"aioseo_notices":[],"_links":{"self":[{"href":"https:\/\/simecchilesa.com\/simec\/wp-json\/wp\/v2\/pages\/3"}],"collection":[{"href":"https:\/\/simecchilesa.com\/simec\/wp-json\/wp\/v2\/pages"}],"about":[{"href":"https:\/\/simecchilesa.com\/simec\/wp-json\/wp\/v2\/types\/page"}],"author":[{"embeddable":true,"href":"https:\/\/simecchilesa.com\/simec\/wp-json\/wp\/v2\/users\/4"}],"replies":[{"embeddable":true,"href":"https:\/\/simecchilesa.com\/simec\/wp-json\/wp\/v2\/comments?post=3"}],"version-history":[{"count":1,"href":"https:\/\/simecchilesa.com\/simec\/wp-json\/wp\/v2\/pages\/3\/revisions"}],"predecessor-version":[{"id":6167,"href":"https:\/\/simecchilesa.com\/simec\/wp-json\/wp\/v2\/pages\/3\/revisions\/6167"}],"wp:attachment":[{"href":"https:\/\/simecchilesa.com\/simec\/wp-json\/wp\/v2\/media?parent=3"}],"curies":[{"name":"wp","href":"https:\/\/api.w.org\/{rel}","templated":true}]}}